{"id":3241,"date":"2021-09-30T13:45:13","date_gmt":"2021-09-30T12:45:13","guid":{"rendered":"https:\/\/effigy-3d.com\/?page_id=3241"},"modified":"2021-09-30T13:45:47","modified_gmt":"2021-09-30T12:45:47","slug":"camera-virtuelle-3","status":"publish","type":"page","link":"https:\/\/effigy-3d.com\/en\/camera-virtuelle-3\/","title":{"rendered":"Cam\u00e9ra virtuelle 3"},"content":{"rendered":"<style type=\"text\/css\" data-created_by=\"avia_inline_auto\" id=\"style-css-av-ku6ximgn-ebbc8635393a29bfa3bf9c1fa53ff3c9\">\n.avia-section.av-ku6ximgn-ebbc8635393a29bfa3bf9c1fa53ff3c9{\nmargin-top:0px;\nmargin-bottom:0px;\n}\n.avia-section.av-ku6ximgn-ebbc8635393a29bfa3bf9c1fa53ff3c9 .av-section-color-overlay{\nopacity:0.3;\nbackground-color:#000000;\n}\n#top .avia-section.av-ku6ximgn-ebbc8635393a29bfa3bf9c1fa53ff3c9 .scroll-down-link{\ncolor:#ffffff;\n}\n#top .avia-section.av-ku6ximgn-ebbc8635393a29bfa3bf9c1fa53ff3c9 .scroll-down-link.avia-svg-icon svg:first-child{\nstroke:#ffffff;\nfill:#ffffff;\n}\n<\/style>\n<div id='av_section_1'  class='avia-section av-ku6ximgn-ebbc8635393a29bfa3bf9c1fa53ff3c9 main_color avia-section-default avia-no-border-styling  avia-builder-el-0  el_before_av_section  avia-builder-el-first  avia-bg-style-scroll av-section-color-overlay-active av-minimum-height av-minimum-height-75 av-height-75  av-section-with-video-bg container_wrap fullsize'   data-av_minimum_height_pc='75' data-av_min_height_opt='75' data-section-video-ratio='150:63'><div  class='avia-slideshow av_slideshow_obj-1-69f40f71c115b avia-slideshow-featured av_slideshow avia-slide-slider av-slideshow-ui av-control-default av-slideshow-manual av-loop-once av-loop-manual-endless av-default-height-applied  av-section-video-bg avia-slideshow-1' data-slideshow-options=\"{&quot;animation&quot;:&quot;slide&quot;,&quot;autoplay&quot;:false,&quot;loop_autoplay&quot;:&quot;once&quot;,&quot;interval&quot;:5,&quot;loop_manual&quot;:&quot;manual-endless&quot;,&quot;autoplay_stopper&quot;:false,&quot;noNavigation&quot;:false,&quot;bg_slider&quot;:false,&quot;keep_padding&quot;:false,&quot;hoverpause&quot;:false,&quot;show_slide_delay&quot;:0}\"  itemprop=\"image\" itemscope=\"itemscope\" itemtype=\"https:\/\/schema.org\/ImageObject\" ><ul class='avia-slideshow-inner' style='padding-bottom: 28.666666666667%;'><li  data-controls='disabled' data-mute='aviaTBaviaTBvideo_mute' data-loop='1' data-disable-autoplay=''  data-video-ratio='2.3809523809524' class='avia-slideshow-slide av_slideshow_obj-1-69f40f71c115b__0  av-video-slide  av-video-service-html5  av-hide-video-controls av-mute-video av-loop-video  av-single-slide slide-1 slide-odd'><div data-rel='slideshow-1' class='avia-slide-wrap'    itemprop=\"video\" itemtype=\"https:\/\/schema.org\/VideoObject\" ><div class='av-click-overlay'><\/div><video class='avia_video'  autoplay playsinline loop preload=\"metadata\" muted id='player_3241_1252905668_327222223'><source src=\"https:\/\/effigy-3d.com\/sitev2\/wp-content\/uploads\/2021\/09\/cam-virtuelle-1500-630.mp4\" type=\"video\/mp4\" \/><\/video><div class=\"av-click-to-play-overlay\"><div class=\"avia_playpause_icon\"><\/div><\/div><\/div><\/li><\/ul><\/div><div class=\"av-section-color-overlay-wrap\"><div class=\"av-section-color-overlay\"><\/div><a href='#next-section' title='' class='scroll-down-link av-custom-scroll-down-color avia-svg-icon avia-font-svg_entypo-fontello' data-av_svg_icon='down-open-mini' data-av_iconset='svg_entypo-fontello'><svg version=\"1.1\" xmlns=\"http:\/\/www.w3.org\/2000\/svg\" width=\"15\" height=\"32\" viewbox=\"0 0 15 32\" preserveaspectratio=\"xMidYMid meet\" aria-labelledby='av-svg-title-1' aria-describedby='av-svg-desc-1' role=\"graphics-symbol\" aria-hidden=\"true\">\n<title id='av-svg-title-1'>Scroll to next section<\/title>\n<desc id='av-svg-desc-1'>Scroll to next section<\/desc>\n<path d=\"M12.96 12.16q0.704-0.832 1.536 0 0.832 0.704 0 1.536l-6.272 6.144q-0.704 0.704-1.536 0l-6.272-6.144q-0.832-0.832 0-1.536 0.768-0.768 1.6 0l5.44 4.992z\"><\/path>\n<\/svg><\/a><div class='container av-section-cont-open' ><main  role=\"main\" itemprop=\"mainContentOfPage\"  class='template-page content  av-content-full alpha units'><div class='post-entry post-entry-type-page post-entry-3241'><div class='entry-content-wrapper clearfix'>\n\n<style type=\"text\/css\" data-created_by=\"avia_inline_auto\" id=\"style-css-av-ku6xkrty-bcd5a639df4bc65145ac079c643ec8f1\">\n.flex_column.av-ku6xkrty-bcd5a639df4bc65145ac079c643ec8f1{\npadding:30px 30px 30px 30px;\n}\n<\/style>\n<div  class='flex_column av-ku6xkrty-bcd5a639df4bc65145ac079c643ec8f1 av_one_full  avia-builder-el-1  avia-builder-el-no-sibling  first flex_column_div'     ><style type=\"text\/css\" data-created_by=\"avia_inline_auto\" id=\"style-css-av-ku6xjpes-9731077b70f4145b13968e32d2ca4380\">\n#top .av-special-heading.av-ku6xjpes-9731077b70f4145b13968e32d2ca4380{\npadding-bottom:10px;\ncolor:#ffffff;\n}\nbody .av-special-heading.av-ku6xjpes-9731077b70f4145b13968e32d2ca4380 .av-special-heading-tag .heading-char{\nfont-size:25px;\n}\n.av-special-heading.av-ku6xjpes-9731077b70f4145b13968e32d2ca4380 .special-heading-inner-border{\nborder-color:#ffffff;\n}\n.av-special-heading.av-ku6xjpes-9731077b70f4145b13968e32d2ca4380 .av-subheading{\nfont-size:15px;\n}\n<\/style>\n<div  class='av-special-heading av-ku6xjpes-9731077b70f4145b13968e32d2ca4380 av-special-heading-h1 custom-color-heading blockquote modern-quote  avia-builder-el-2  avia-builder-el-no-sibling'><h1 class='av-special-heading-tag'  itemprop=\"headline\"  >Virtual Camera \/ Virtual Production<\/h1><div class=\"special-heading-border\"><div class=\"special-heading-inner-border\"><\/div><\/div><\/div><\/div><\/div><\/div><\/main><!-- close content main element --><\/div><\/div><\/div>\n<style type=\"text\/css\" data-created_by=\"avia_inline_auto\" id=\"style-css-av-k1jgoec4-cc42d3a94aadbe6222bfdbc0e6825321\">\n.avia-section.av-k1jgoec4-cc42d3a94aadbe6222bfdbc0e6825321{\nbackground-color:#d8d8d8;\nbackground-image:unset;\n}\n<\/style>\n<div id='av_section_2'  class='avia-section av-k1jgoec4-cc42d3a94aadbe6222bfdbc0e6825321 main_color avia-section-no-padding avia-no-border-styling  avia-builder-el-3  el_after_av_section  el_before_av_section  avia-bg-style-scroll container_wrap fullsize'  ><div class='container av-section-cont-open' ><div class='template-page content  av-content-full alpha units'><div class='post-entry post-entry-type-page post-entry-3241'><div class='entry-content-wrapper clearfix'>\n<div class='flex_column_table av-5ityg-4f52ae6d303b822f65bc6383b066576b sc-av_one_half av-equal-height-column-flextable'>\n<style type=\"text\/css\" data-created_by=\"avia_inline_auto\" id=\"style-css-av-5ityg-4f52ae6d303b822f65bc6383b066576b\">\n#top .flex_column_table.av-equal-height-column-flextable.av-5ityg-4f52ae6d303b822f65bc6383b066576b{\nmargin-top:0px;\nmargin-bottom:0px;\n}\n.flex_column.av-5ityg-4f52ae6d303b822f65bc6383b066576b{\nborder-radius:0px 0px 0px 0px;\npadding:30px 30px 30px 30px;\n}\n<\/style>\n<div  class='flex_column av-5ityg-4f52ae6d303b822f65bc6383b066576b av_one_half  avia-builder-el-4  el_before_av_one_half  avia-builder-el-first  first no_margin flex_column_table_cell av-equal-height-column av-align-middle'     ><style type=\"text\/css\" data-created_by=\"avia_inline_auto\" id=\"style-css-av-1ym22z-97a21e434eefa75ab1a831f21b76eba1\">\n#top .av-special-heading.av-1ym22z-97a21e434eefa75ab1a831f21b76eba1{\npadding-bottom:10px;\nfont-size:40px;\n}\nbody .av-special-heading.av-1ym22z-97a21e434eefa75ab1a831f21b76eba1 .av-special-heading-tag .heading-char{\nfont-size:25px;\n}\n#top #wrap_all .av-special-heading.av-1ym22z-97a21e434eefa75ab1a831f21b76eba1 .av-special-heading-tag{\nfont-size:40px;\n}\n.av-special-heading.av-1ym22z-97a21e434eefa75ab1a831f21b76eba1 .av-subheading{\nfont-size:20px;\n}\n\n@media only screen and (min-width: 480px) and (max-width: 767px){ \n#top #wrap_all .av-special-heading.av-1ym22z-97a21e434eefa75ab1a831f21b76eba1 .av-special-heading-tag{\nfont-size:0.8em;\n}\n}\n\n@media only screen and (max-width: 479px){ \n#top #wrap_all .av-special-heading.av-1ym22z-97a21e434eefa75ab1a831f21b76eba1 .av-special-heading-tag{\nfont-size:0.8em;\n}\n}\n<\/style>\n<div  class='av-special-heading av-1ym22z-97a21e434eefa75ab1a831f21b76eba1 av-special-heading-h3 blockquote modern-quote modern-centered  avia-builder-el-5  avia-builder-el-no-sibling  av-inherit-size'><h3 class='av-special-heading-tag'  itemprop=\"headline\"  >Real-time Virtual Production<\/h3><div class='av-subheading av-subheading_below'><p>We are developing with our partner VFX WorkShop<br \/>\nvirtual production services<br \/>\naround a homemade virtual camera;<br \/>\nan ideal tool for previewing<br \/>\nand real-time production in virtual settings,<br \/>\nthe framing, the avatars\u2026<br \/>\nOp\u00e9rationnel sous Unity &amp; Unreal<\/p>\n<\/div><div class=\"special-heading-border\"><div class=\"special-heading-inner-border\"><\/div><\/div><\/div><\/div>\n<style type=\"text\/css\" data-created_by=\"avia_inline_auto\" id=\"style-css-av-2dpw0-6edea0b5b2125fcaca3d55044f0880b7\">\n#top .flex_column_table.av-equal-height-column-flextable.av-2dpw0-6edea0b5b2125fcaca3d55044f0880b7{\nmargin-top:0px;\nmargin-bottom:0px;\n}\n.flex_column.av-2dpw0-6edea0b5b2125fcaca3d55044f0880b7{\nborder-radius:0px 0px 0px 0px;\npadding:0px 0px 0px 0px;\nbackground:url(https:\/\/effigy-3d.com\/sitev2\/wp-content\/uploads\/ange-bastille.jpg) 50% 50% no-repeat scroll ;\n}\n<\/style>\n<div  class='flex_column av-2dpw0-6edea0b5b2125fcaca3d55044f0880b7 av_one_half  avia-builder-el-6  el_after_av_one_half  avia-builder-el-last  no_margin flex_column_table_cell av-equal-height-column av-align-middle av-zero-column-padding avia-full-stretch'     ><p>\n<style type=\"text\/css\" data-created_by=\"avia_inline_auto\" id=\"style-css-av-k1qa9g7u-5af04f6b2b77aad19369b22a13d02e21\">\n.avia-image-container.av-k1qa9g7u-5af04f6b2b77aad19369b22a13d02e21 img.avia_image{\nbox-shadow:none;\n}\n.avia-image-container.av-k1qa9g7u-5af04f6b2b77aad19369b22a13d02e21 .av-image-caption-overlay-center{\ncolor:#ffffff;\n}\n<\/style>\n<div  class='avia-image-container av-k1qa9g7u-5af04f6b2b77aad19369b22a13d02e21 av-styling- avia-align-center  avia-builder-el-7  el_before_av_image  avia-builder-el-first'   itemprop=\"image\" itemscope=\"itemscope\" itemtype=\"https:\/\/schema.org\/ImageObject\" ><div class=\"avia-image-container-inner\"><div class=\"avia-image-overlay-wrap\"><img decoding=\"async\" fetchpriority=\"high\" class='wp-image-1905 avia-img-lazy-loading-not-1905 avia_image' src=\"https:\/\/effigy-3d.com\/sitev2\/wp-content\/uploads\/vide-500x500.png\" alt='' title='empty-500x500'  height=\"500\" width=\"500\"  itemprop=\"thumbnailUrl\" srcset=\"https:\/\/effigy-3d.com\/sitev2\/wp-content\/uploads\/vide-500x500.png 500w, https:\/\/effigy-3d.com\/sitev2\/wp-content\/uploads\/vide-500x500-80x80.png 80w, https:\/\/effigy-3d.com\/sitev2\/wp-content\/uploads\/vide-500x500-300x300.png 300w, https:\/\/effigy-3d.com\/sitev2\/wp-content\/uploads\/vide-500x500-36x36.png 36w, https:\/\/effigy-3d.com\/sitev2\/wp-content\/uploads\/vide-500x500-180x180.png 180w, https:\/\/effigy-3d.com\/sitev2\/wp-content\/uploads\/vide-500x500-100x100.png 100w, https:\/\/effigy-3d.com\/sitev2\/wp-content\/uploads\/vide-500x500-60x60.png 60w, https:\/\/effigy-3d.com\/sitev2\/wp-content\/uploads\/vide-500x500-40x40.png 40w\" sizes=\"(max-width: 500px) 100vw, 500px\" \/><\/div><\/div><\/div><br \/>\n\n<style type=\"text\/css\" data-created_by=\"avia_inline_auto\" id=\"style-css-av-k1qa9g7u-5af04f6b2b77aad19369b22a13d02e21\">\n.avia-image-container.av-k1qa9g7u-5af04f6b2b77aad19369b22a13d02e21 img.avia_image{\nbox-shadow:none;\n}\n.avia-image-container.av-k1qa9g7u-5af04f6b2b77aad19369b22a13d02e21 .av-image-caption-overlay-center{\ncolor:#ffffff;\n}\n<\/style>\n<div  class='avia-image-container av-k1qa9g7u-5af04f6b2b77aad19369b22a13d02e21 av-styling- avia-align-center  avia-builder-el-8  el_after_av_image  avia-builder-el-last'   itemprop=\"image\" itemscope=\"itemscope\" itemtype=\"https:\/\/schema.org\/ImageObject\" ><div class=\"avia-image-container-inner\"><div class=\"avia-image-overlay-wrap\"><img decoding=\"async\" fetchpriority=\"high\" class='wp-image-1905 avia-img-lazy-loading-not-1905 avia_image' src=\"https:\/\/effigy-3d.com\/sitev2\/wp-content\/uploads\/vide-500x500.png\" alt='' title='empty-500x500'  height=\"500\" width=\"500\"  itemprop=\"thumbnailUrl\" srcset=\"https:\/\/effigy-3d.com\/sitev2\/wp-content\/uploads\/vide-500x500.png 500w, https:\/\/effigy-3d.com\/sitev2\/wp-content\/uploads\/vide-500x500-80x80.png 80w, https:\/\/effigy-3d.com\/sitev2\/wp-content\/uploads\/vide-500x500-300x300.png 300w, https:\/\/effigy-3d.com\/sitev2\/wp-content\/uploads\/vide-500x500-36x36.png 36w, https:\/\/effigy-3d.com\/sitev2\/wp-content\/uploads\/vide-500x500-180x180.png 180w, https:\/\/effigy-3d.com\/sitev2\/wp-content\/uploads\/vide-500x500-100x100.png 100w, https:\/\/effigy-3d.com\/sitev2\/wp-content\/uploads\/vide-500x500-60x60.png 60w, https:\/\/effigy-3d.com\/sitev2\/wp-content\/uploads\/vide-500x500-40x40.png 40w\" sizes=\"(max-width: 500px) 100vw, 500px\" \/><\/div><\/div><\/div><\/p><\/div><\/div><!--close column table wrapper. Autoclose: 1 -->\n<\/p>\n<\/div><\/div><\/div><!-- close content main div --><\/div><\/div>\n<style type=\"text\/css\" data-created_by=\"avia_inline_auto\" id=\"style-css-av-k1jgoec4-cc42d3a94aadbe6222bfdbc0e6825321\">\n.avia-section.av-k1jgoec4-cc42d3a94aadbe6222bfdbc0e6825321{\nbackground-color:#d8d8d8;\nbackground-image:unset;\n}\n<\/style>\n<div id='av_section_3'  class='avia-section av-k1jgoec4-cc42d3a94aadbe6222bfdbc0e6825321 main_color avia-section-no-padding avia-no-border-styling  avia-builder-el-9  el_after_av_section  avia-builder-el-last  avia-bg-style-scroll container_wrap fullsize'  ><div class='container av-section-cont-open' ><div class='template-page content  av-content-full alpha units'><div class='post-entry post-entry-type-page post-entry-3241'><div class='entry-content-wrapper clearfix'>\n<div class='flex_column_table av-2dpw0-96c107ac4c1cf66673bb96031c389199 sc-av_one_half av-equal-height-column-flextable'>\n<style type=\"text\/css\" data-created_by=\"avia_inline_auto\" id=\"style-css-av-2dpw0-96c107ac4c1cf66673bb96031c389199\">\n.flex_column.av-2dpw0-96c107ac4c1cf66673bb96031c389199{\nborder-radius:0px 0px 0px 0px;\npadding:0px 0px 0px 0px;\n}\n<\/style>\n<div  class='flex_column av-2dpw0-96c107ac4c1cf66673bb96031c389199 av_one_half  avia-builder-el-10  el_before_av_one_half  avia-builder-el-first  first no_margin flex_column_table_cell av-equal-height-column av-align-middle av-zero-column-padding avia-full-stretch'     ><\/div>\n<style type=\"text\/css\" data-created_by=\"avia_inline_auto\" id=\"style-css-av-5ityg-b7d0700bbf29a8bd1301fd5b7b47f936\">\n.flex_column.av-5ityg-b7d0700bbf29a8bd1301fd5b7b47f936{\nborder-radius:0px 0px 0px 0px;\npadding:0px 0px 0px 0px;\n}\n<\/style>\n<div  class='flex_column av-5ityg-b7d0700bbf29a8bd1301fd5b7b47f936 av_one_half  avia-builder-el-12  el_after_av_one_half  avia-builder-el-last  no_margin flex_column_table_cell av-equal-height-column av-align-middle av-zero-column-padding'     ><\/div><\/div><!--close column table wrapper. Autoclose: 1 -->\n\n<script language='javascript' type='text\/javascript'>function getWR360License(){return 'https:\/\/effigy-3d.com\/sitev2\/wp-content\/plugins\/webrotate-360-product-viewer\/license.lic';}function getWR360PopupSkin(){return 'pp_default';}function getWR360GraphicsPath(){return 'https:\/\/effigy-3d.com\/sitev2\/wp-content\/plugins\/webrotate-360-product-viewer\/imagerotator\/html\/img\/basic';}<\/script>","protected":false},"excerpt":{"rendered":"","protected":false},"author":2,"featured_media":0,"parent":0,"menu_order":0,"comment_status":"closed","ping_status":"closed","template":"","meta":{"footnotes":""},"class_list":["post-3241","page","type-page","status-publish","hentry"],"yoast_head":"<!-- This site is optimized with the Yoast SEO plugin v27.5 - https:\/\/yoast.com\/product\/yoast-seo-wordpress\/ -->\n<title>Cam\u00e9ra virtuelle 3 - Effigy 3D<\/title>\n<meta name=\"description\" content=\"Portraits 3D, figurines 3D - Services pro, photocall 3D  \u00e9v\u00e8nement (scan full-body nomade), Num\u00e9risation 3D avatars &amp; jeux vid\u00e9o, Prototypage &amp; impression 3D vraies couleurs\" \/>\n<meta name=\"robots\" content=\"index, follow, max-snippet:-1, max-image-preview:large, max-video-preview:-1\" \/>\n<link rel=\"canonical\" href=\"https:\/\/effigy-3d.com\/en\/camera-virtuelle-3\/\" \/>\n<meta property=\"og:locale\" content=\"en_GB\" \/>\n<meta property=\"og:type\" content=\"article\" \/>\n<meta property=\"og:title\" content=\"Cam\u00e9ra virtuelle 3 - Effigy 3D\" \/>\n<meta property=\"og:description\" content=\"Portraits 3D, figurines 3D - Services pro, photocall 3D  \u00e9v\u00e8nement (scan full-body nomade), Num\u00e9risation 3D avatars &amp; jeux vid\u00e9o, Prototypage &amp; impression 3D vraies couleurs\" \/>\n<meta property=\"og:url\" content=\"https:\/\/effigy-3d.com\/en\/camera-virtuelle-3\/\" \/>\n<meta property=\"og:site_name\" content=\"Effigy 3D\" \/>\n<meta property=\"article:modified_time\" content=\"2021-09-30T12:45:47+00:00\" \/>\n<meta name=\"twitter:card\" content=\"summary_large_image\" \/>\n<meta name=\"twitter:label1\" content=\"Estimated reading time\" \/>\n\t<meta name=\"twitter:data1\" content=\"8 minutes\" \/>\n<script type=\"application\/ld+json\" class=\"yoast-schema-graph\">{\"@context\":\"https:\\\/\\\/schema.org\",\"@graph\":[{\"@type\":\"WebPage\",\"@id\":\"https:\\\/\\\/effigy-3d.com\\\/camera-virtuelle-3\\\/\",\"url\":\"https:\\\/\\\/effigy-3d.com\\\/camera-virtuelle-3\\\/\",\"name\":\"Cam\u00e9ra virtuelle 3 - Effigy 3D\",\"isPartOf\":{\"@id\":\"https:\\\/\\\/effigy-3d.com\\\/#website\"},\"datePublished\":\"2021-09-30T12:45:13+00:00\",\"dateModified\":\"2021-09-30T12:45:47+00:00\",\"description\":\"Portraits 3D, figurines 3D - Services pro, photocall 3D \\\\ \u00e9v\u00e8nement (scan full-body nomade), Num\u00e9risation 3D avatars & jeux vid\u00e9o, Prototypage & impression 3D vraies couleurs\",\"breadcrumb\":{\"@id\":\"https:\\\/\\\/effigy-3d.com\\\/camera-virtuelle-3\\\/#breadcrumb\"},\"inLanguage\":\"en-GB\",\"potentialAction\":[{\"@type\":\"ReadAction\",\"target\":[\"https:\\\/\\\/effigy-3d.com\\\/camera-virtuelle-3\\\/\"]}]},{\"@type\":\"BreadcrumbList\",\"@id\":\"https:\\\/\\\/effigy-3d.com\\\/camera-virtuelle-3\\\/#breadcrumb\",\"itemListElement\":[{\"@type\":\"ListItem\",\"position\":1,\"name\":\"Accueil\",\"item\":\"https:\\\/\\\/effigy-3d.com\\\/accueil\\\/\"},{\"@type\":\"ListItem\",\"position\":2,\"name\":\"Cam\u00e9ra virtuelle 3\"}]},{\"@type\":\"WebSite\",\"@id\":\"https:\\\/\\\/effigy-3d.com\\\/#website\",\"url\":\"https:\\\/\\\/effigy-3d.com\\\/\",\"name\":\"Effigy 3D\",\"description\":\"Studio digital 3D - Paris\",\"potentialAction\":[{\"@type\":\"SearchAction\",\"target\":{\"@type\":\"EntryPoint\",\"urlTemplate\":\"https:\\\/\\\/effigy-3d.com\\\/?s={search_term_string}\"},\"query-input\":{\"@type\":\"PropertyValueSpecification\",\"valueRequired\":true,\"valueName\":\"search_term_string\"}}],\"inLanguage\":\"en-GB\"}]}<\/script>\n<!-- \/ Yoast SEO plugin. -->","yoast_head_json":{"title":"Cam\u00e9ra virtuelle 3 - Effigy 3D","description":"3D portraits, 3D figurines - Professional services, 3D event photocall (mobile full-body scan), 3D scanning of avatars &amp; video games, Prototyping &amp; true-color 3D printing","robots":{"index":"index","follow":"follow","max-snippet":"max-snippet:-1","max-image-preview":"max-image-preview:large","max-video-preview":"max-video-preview:-1"},"canonical":"https:\/\/effigy-3d.com\/en\/camera-virtuelle-3\/","og_locale":"en_GB","og_type":"article","og_title":"Cam\u00e9ra virtuelle 3 - Effigy 3D","og_description":"Portraits 3D, figurines 3D - Services pro, photocall 3D  \u00e9v\u00e8nement (scan full-body nomade), Num\u00e9risation 3D avatars & jeux vid\u00e9o, Prototypage & impression 3D vraies couleurs","og_url":"https:\/\/effigy-3d.com\/en\/camera-virtuelle-3\/","og_site_name":"Effigy 3D","article_modified_time":"2021-09-30T12:45:47+00:00","twitter_card":"summary_large_image","twitter_misc":{"Estimated reading time":"8 minutes"},"schema":{"@context":"https:\/\/schema.org","@graph":[{"@type":"WebPage","@id":"https:\/\/effigy-3d.com\/camera-virtuelle-3\/","url":"https:\/\/effigy-3d.com\/camera-virtuelle-3\/","name":"Cam\u00e9ra virtuelle 3 - Effigy 3D","isPartOf":{"@id":"https:\/\/effigy-3d.com\/#website"},"datePublished":"2021-09-30T12:45:13+00:00","dateModified":"2021-09-30T12:45:47+00:00","description":"3D portraits, 3D figurines - Professional services, 3D photocall \\ event (mobile full-body scan), 3D scanning of avatars &amp; video games, Prototyping &amp; true-color 3D printing","breadcrumb":{"@id":"https:\/\/effigy-3d.com\/camera-virtuelle-3\/#breadcrumb"},"inLanguage":"en-GB","potentialAction":[{"@type":"ReadAction","target":["https:\/\/effigy-3d.com\/camera-virtuelle-3\/"]}]},{"@type":"BreadcrumbList","@id":"https:\/\/effigy-3d.com\/camera-virtuelle-3\/#breadcrumb","itemListElement":[{"@type":"ListItem","position":1,"name":"Accueil","item":"https:\/\/effigy-3d.com\/accueil\/"},{"@type":"ListItem","position":2,"name":"Cam\u00e9ra virtuelle 3"}]},{"@type":"WebSite","@id":"https:\/\/effigy-3d.com\/#website","url":"https:\/\/effigy-3d.com\/","name":"Effigy 3D","description":"3D digital studio - Paris","potentialAction":[{"@type":"SearchAction","target":{"@type":"EntryPoint","urlTemplate":"https:\/\/effigy-3d.com\/?s={search_term_string}"},"query-input":{"@type":"PropertyValueSpecification","valueRequired":true,"valueName":"search_term_string"}}],"inLanguage":"en-GB"}]}},"_links":{"self":[{"href":"https:\/\/effigy-3d.com\/en\/wp-json\/wp\/v2\/pages\/3241","targetHints":{"allow":["GET"]}}],"collection":[{"href":"https:\/\/effigy-3d.com\/en\/wp-json\/wp\/v2\/pages"}],"about":[{"href":"https:\/\/effigy-3d.com\/en\/wp-json\/wp\/v2\/types\/page"}],"author":[{"embeddable":true,"href":"https:\/\/effigy-3d.com\/en\/wp-json\/wp\/v2\/users\/2"}],"replies":[{"embeddable":true,"href":"https:\/\/effigy-3d.com\/en\/wp-json\/wp\/v2\/comments?post=3241"}],"version-history":[{"count":0,"href":"https:\/\/effigy-3d.com\/en\/wp-json\/wp\/v2\/pages\/3241\/revisions"}],"wp:attachment":[{"href":"https:\/\/effigy-3d.com\/en\/wp-json\/wp\/v2\/media?parent=3241"}],"curies":[{"name":"wp","href":"https:\/\/api.w.org\/{rel}","templated":true}]}}