{"id":100,"date":"2015-04-15T16:31:40","date_gmt":"2015-04-15T15:31:40","guid":{"rendered":"http:\/\/effigy-3d.com\/sitev2\/?page_id=100"},"modified":"2025-09-05T16:18:52","modified_gmt":"2025-09-05T15:18:52","slug":"contact","status":"publish","type":"page","link":"https:\/\/effigy-3d.com\/en\/contact\/","title":{"rendered":"Contact"},"content":{"rendered":"<div id='av_section_1'  class='avia-section av-k2djk3lk-60aab391248e58e944b9f04a1f74b495 main_color avia-section-no-padding avia-no-border-styling  avia-builder-el-0  el_before_av_section  avia-builder-el-first  avia-bg-style-scroll container_wrap fullsize'  ><div class='container av-section-cont-open' ><main  role=\"main\" itemprop=\"mainContentOfPage\"  class='template-page content  av-content-full alpha units'><div class='post-entry post-entry-type-page post-entry-100'><div class='entry-content-wrapper clearfix'>\n<div class='flex_column_table av-37lnis-d3897a12d0c0ab5296228f5b11d4bdf6 sc-av_one_half av-equal-height-column-flextable'>\n<style type=\"text\/css\" data-created_by=\"avia_inline_auto\" id=\"style-css-av-37lnis-d3897a12d0c0ab5296228f5b11d4bdf6\">\n.flex_column.av-37lnis-d3897a12d0c0ab5296228f5b11d4bdf6{\nborder-radius:0px 0px 0px 0px;\npadding:30px 30px 30px 30px;\nbackground-color:#d8d8d8;\n}\n<\/style>\n<div  class='flex_column av-37lnis-d3897a12d0c0ab5296228f5b11d4bdf6 av_one_half  avia-builder-el-1  el_before_av_one_half  avia-builder-el-first  first no_margin flex_column_table_cell av-equal-height-column av-align-middle'     ><p>\n<style type=\"text\/css\" data-created_by=\"avia_inline_auto\" id=\"style-css-av-k35vducd-f618c6fc9613ae50197c13fe34e136b6\">\n#top .hr.av-k35vducd-f618c6fc9613ae50197c13fe34e136b6{\nmargin-top:0px;\nmargin-bottom:0px;\n}\n.hr.av-k35vducd-f618c6fc9613ae50197c13fe34e136b6 .hr-inner{\nwidth:30%;\nborder-color:#ffffff;\n}\n<\/style>\n<div  class='hr av-k35vducd-f618c6fc9613ae50197c13fe34e136b6 hr-custom  avia-builder-el-2  el_before_av_textblock  avia-builder-el-first  hr-left hr-icon-no'><span class='hr-inner inner-border-av-border-thin'><span class=\"hr-inner-style\"><\/span><\/span><\/div><br \/>\n\n<style type=\"text\/css\" data-created_by=\"avia_inline_auto\" id=\"style-css-av-2q13x0-483f9884454e287c7076861fba476f47\">\n#top .av_textblock_section.av-2q13x0-483f9884454e287c7076861fba476f47 .avia_textblock{\nfont-size:18px;\n}\n<\/style>\n<section  class='av_textblock_section av-2q13x0-483f9884454e287c7076861fba476f47'   itemscope=\"itemscope\" itemtype=\"https:\/\/schema.org\/CreativeWork\" ><div class='avia_textblock'  itemprop=\"text\" ><h3 style=\"text-align: left;\"><strong>Vincent Haeffner<\/strong><\/h3>\n<p style=\"text-align: left;\">3D Scanning, Motion Capture, Avatars, VFX\u2026<br \/>\n<a href=\"mailto:vh@effigy-3d.com\">vh@effigy-3d.com<\/a><br \/>\n<a href=\"tel:+33615049083\">Tel: 0981012181<\/a><\/p>\n<\/div><\/section><br \/>\n\n<style type=\"text\/css\" data-created_by=\"avia_inline_auto\" id=\"style-css-av-k35vducd-4-52b5d1f597f7d9aab4f26c803f59e953\">\n#top .hr.av-k35vducd-4-52b5d1f597f7d9aab4f26c803f59e953{\nmargin-top:0px;\nmargin-bottom:0px;\n}\n.hr.av-k35vducd-4-52b5d1f597f7d9aab4f26c803f59e953 .hr-inner{\nwidth:30%;\nborder-color:#ffffff;\n}\n<\/style>\n<div  class='hr av-k35vducd-4-52b5d1f597f7d9aab4f26c803f59e953 hr-custom  avia-builder-el-4  el_after_av_textblock  el_before_av_textblock  hr-left hr-icon-no'><span class='hr-inner inner-border-av-border-thin'><span class=\"hr-inner-style\"><\/span><\/span><\/div><br \/>\n\n<style type=\"text\/css\" data-created_by=\"avia_inline_auto\" id=\"style-css-av-2q13x0-3-ca37b560bc190318406dea9f73f5e162\">\n#top .av_textblock_section.av-2q13x0-3-ca37b560bc190318406dea9f73f5e162 .avia_textblock{\nfont-size:18px;\n}\n<\/style>\n<section  class='av_textblock_section av-2q13x0-3-ca37b560bc190318406dea9f73f5e162'   itemscope=\"itemscope\" itemtype=\"https:\/\/schema.org\/CreativeWork\" ><div class='avia_textblock'  itemprop=\"text\" ><h3 style=\"text-align: left;\"><strong>Laurent Lacroix<\/strong><\/h3>\n<p style=\"text-align: left;\">Brands and Media<br \/>\n<a href=\"mailto:ll@effigy-3d.com\">ll@effigy-3d.com<\/a><\/p>\n<\/div><\/section><\/p><\/div>\n<style type=\"text\/css\" data-created_by=\"avia_inline_auto\" id=\"style-css-av-37lnis-5-03467186d6f1842b32c19f100995cf29\">\n.flex_column.av-37lnis-5-03467186d6f1842b32c19f100995cf29{\nborder-radius:0px 0px 0px 0px;\npadding:0px 0px 0px 0px;\nbackground:url(https:\/\/effigy-3d.com\/sitev2\/wp-content\/uploads\/vincent-effigy-haeffner-e1574167537424-1030x757.jpg) 50% 50% no-repeat scroll #000000;\n}\n<\/style>\n<div  class='flex_column av-37lnis-5-03467186d6f1842b32c19f100995cf29 av_one_half  avia-builder-el-6  el_after_av_one_half  avia-builder-el-last  no_margin flex_column_table_cell av-equal-height-column av-align-middle av-zero-column-padding avia-full-stretch'     ><style type=\"text\/css\" data-created_by=\"avia_inline_auto\" id=\"style-css-av-k35uhyek-0f7624a640836695f3c139b1889f39d0\">\n.avia-image-container.av-k35uhyek-0f7624a640836695f3c139b1889f39d0 img.avia_image{\nbox-shadow:none;\n}\n.avia-image-container.av-k35uhyek-0f7624a640836695f3c139b1889f39d0 .av-image-caption-overlay-center{\ncolor:#ffffff;\n}\n<\/style>\n<div  class='avia-image-container av-k35uhyek-0f7624a640836695f3c139b1889f39d0 av-styling- avia-align-center  avia-builder-el-7  avia-builder-el-no-sibling'   itemprop=\"image\" itemscope=\"itemscope\" itemtype=\"https:\/\/schema.org\/ImageObject\" ><div class=\"avia-image-container-inner\"><div class=\"avia-image-overlay-wrap\"><img decoding=\"async\" fetchpriority=\"high\" class='wp-image-3675 avia-img-lazy-loading-not-3675 avia_image' src=\"https:\/\/effigy-3d.com\/sitev2\/wp-content\/uploads\/2023\/03\/team-effigy-1030x649.jpg\" alt='' title='Team Effigy'  height=\"649\" width=\"1030\"  itemprop=\"thumbnailUrl\" srcset=\"https:\/\/effigy-3d.com\/sitev2\/wp-content\/uploads\/2023\/03\/team-effigy-1030x649.jpg 1030w, https:\/\/effigy-3d.com\/sitev2\/wp-content\/uploads\/2023\/03\/team-effigy-300x189.jpg 300w, https:\/\/effigy-3d.com\/sitev2\/wp-content\/uploads\/2023\/03\/team-effigy-768x484.jpg 768w, https:\/\/effigy-3d.com\/sitev2\/wp-content\/uploads\/2023\/03\/team-effigy-1536x967.jpg 1536w, https:\/\/effigy-3d.com\/sitev2\/wp-content\/uploads\/2023\/03\/team-effigy-1500x945.jpg 1500w, https:\/\/effigy-3d.com\/sitev2\/wp-content\/uploads\/2023\/03\/team-effigy-705x444.jpg 705w, https:\/\/effigy-3d.com\/sitev2\/wp-content\/uploads\/2023\/03\/team-effigy-95x60.jpg 95w, https:\/\/effigy-3d.com\/sitev2\/wp-content\/uploads\/2023\/03\/team-effigy-64x40.jpg 64w, https:\/\/effigy-3d.com\/sitev2\/wp-content\/uploads\/2023\/03\/team-effigy.jpg 1920w\" sizes=\"(max-width: 1030px) 100vw, 1030px\" \/><\/div><\/div><\/div><\/div><\/div><!--close column table wrapper. Autoclose: 1 -->\n\n<\/div><\/div><\/main><!-- close content main element --><\/div><\/div>\n<style type=\"text\/css\" data-created_by=\"avia_inline_auto\" id=\"style-css-av-k1jgoec4-cc42d3a94aadbe6222bfdbc0e6825321\">\n.avia-section.av-k1jgoec4-cc42d3a94aadbe6222bfdbc0e6825321{\nbackground-color:#d8d8d8;\nbackground-image:unset;\n}\n<\/style>\n<div id='av_section_2'  class='avia-section av-k1jgoec4-cc42d3a94aadbe6222bfdbc0e6825321 main_color avia-section-no-padding avia-no-border-styling  avia-builder-el-8  el_after_av_section  el_before_av_codeblock  avia-bg-style-scroll container_wrap fullsize'  ><div class='container av-section-cont-open' ><div class='template-page content  av-content-full alpha units'><div class='post-entry post-entry-type-page post-entry-100'><div class='entry-content-wrapper clearfix'>\n<div class='flex_column_table av-37lnis-2-e029c20c0213d814adb1f72f60da1dff sc-av_one_half av-equal-height-column-flextable'>\n<style type=\"text\/css\" data-created_by=\"avia_inline_auto\" id=\"style-css-av-37lnis-2-e029c20c0213d814adb1f72f60da1dff\">\n.flex_column.av-37lnis-2-e029c20c0213d814adb1f72f60da1dff{\nborder-radius:0px 0px 0px 0px;\npadding:30px 30px 30px 30px;\nbackground-color:#303030;\n}\n<\/style>\n<div  class='flex_column av-37lnis-2-e029c20c0213d814adb1f72f60da1dff av_one_half  avia-builder-el-9  el_before_av_one_half  avia-builder-el-first  first no_margin flex_column_table_cell av-equal-height-column av-align-middle'     ><form action=\"https:\/\/effigy-3d.com\/en\/contact\/\" method=\"post\" data-fields-with-error=\"Found errors in the following field(s):\" class=\"avia_ajax_form av-form-labels-hidden   avia-builder-el-10  avia-builder-el-no-sibling\" data-avia-form-id=\"1\" data-avia-redirect='' data-trp-original-action=\"https:\/\/effigy-3d.com\/en\/contact\/\" ><fieldset><p class='first_form  form_element form_element_half' id='element_avia_1_1'><label for=\"avia_1_1\">Name <abbr class=\"required\" title=\"required\">*<\/abbr><\/label> <input name=\"avia_1_1\" class=\"text_input is_empty\" type=\"text\" id=\"avia_1_1\" value=\"\"  placeholder='Name*'\/><\/p><p class='form_element form_element_half' id='element_avia_2_1'><label for=\"avia_2_1\">Email address <abbr class=\"required\" title=\"required\">*<\/abbr><\/label> <input name=\"avia_2_1\" class=\"text_input is_email\" type=\"text\" id=\"avia_2_1\" value=\"\"  placeholder='Email address*'\/><\/p><p class='first_form  form_element form_fullwidth' id='element_avia_3_1'><label for=\"avia_3_1\" class=\"textare_label hidden textare_label_avia_3_1\">Message <abbr class=\"required\" title=\"required\">*<\/abbr><\/label><textarea  placeholder='Message*' name=\"avia_3_1\" class=\"text_area is_empty\" cols=\"40\" rows=\"7\" id=\"avia_3_1\" ><\/textarea><\/p><p class=\"hidden\"><input type=\"text\" name=\"avia_4_1\" class=\"hidden\" id=\"avia_4_1\" value=\"\" \/><\/p><div id='avia_5_1' class='av-recaptcha-area  first_form  form_element form_fullwidth'  data-container_class=\"\" data-custom_class=\"\" data-context=\"av_contact_form\" data-token_input=\"av_recaptcha_token\" data-version=\"avia_recaptcha_v2\" data-theme=\"light\" data-size=\"normal\" data-score=\"0.5\" data-text_to_preview=\"\" data-value=\"\"><div class=\"av-google-badge-message hidden\">This site is protected by reCAPTCHA and the Google <a href=\"https:\/\/policies.google.com\/privacy\">Privacy Policy<\/a> and <a href=\"https:\/\/policies.google.com\/terms\">Terms of Service<\/a> apply.<\/div><\/div><p class=\"form_element\"><input type=\"hidden\" value=\"1\" name=\"avia_generated_form1\" \/><input type=\"submit\" value=\"Send\" class=\"button\"  data-sending-label=\"Sending\"\/><\/p><\/fieldset><div class=\"avia-disabled-form\">This contact form is deactivated because you refused to accept Google reCaptcha service which is necessary to validate any messages sent by the form.<\/div><input type=\"hidden\" name=\"trp-form-language\" value=\"en\"\/><\/form><div id=\"ajaxresponse_1\" class=\"ajaxresponse ajaxresponse_1 hidden\"><\/div><\/div>\n<style type=\"text\/css\" data-created_by=\"avia_inline_auto\" id=\"style-css-av-dsow-5bed6a6d890e9c8e10b7efc036d8ef34\">\n.flex_column.av-dsow-5bed6a6d890e9c8e10b7efc036d8ef34{\nborder-radius:0px 0px 0px 0px;\npadding:0px 0px 0px 0px;\n}\n<\/style>\n<div  class='flex_column av-dsow-5bed6a6d890e9c8e10b7efc036d8ef34 av_one_half  avia-builder-el-11  el_after_av_one_half  avia-builder-el-last  no_margin flex_column_table_cell av-equal-height-column av-align-middle av-zero-column-padding'     ><div  class='av_gmaps_sc_main_wrap av_gmaps_main_wrap'><div id='av_gmap_0' class='avia-google-map-container avia-google-map-sc av_gmaps_show_unconditionally av-no-fallback-img' data-mapid='av_gmap_0'  style='height: 550px;'><a class=\"av_gmaps_browser_disabled av_text_confirm_link av_text_confirm_link_visible\" href=\"https:\/\/www.google.com\/maps\/search\/?api=1&#038;query=233%20rue%20La%20Croix%20Nivert%20%2075015%20Paris%20%20france\" target=\"_blank\">Maps were disabled by the visitor on this site. Click to open the map in a new window.<\/a><\/div><\/div><\/div><\/div><!--close column table wrapper. Autoclose: 1 -->\n<\/div><\/div><\/div><!-- close content main div --><\/div><\/div><div id='after_section_2'  class='main_color av_default_container_wrap container_wrap fullsize'  ><div class='container av-section-cont-open' ><div class='template-page content  av-content-full alpha units'><div class='post-entry post-entry-type-page post-entry-100'><div class='entry-content-wrapper clearfix'>\n\n<script language='javascript' type='text\/javascript'>function getWR360License(){return 'https:\/\/effigy-3d.com\/sitev2\/wp-content\/plugins\/webrotate-360-product-viewer\/license.lic';}function getWR360PopupSkin(){return 'pp_default';}function getWR360GraphicsPath(){return 'https:\/\/effigy-3d.com\/sitev2\/wp-content\/plugins\/webrotate-360-product-viewer\/imagerotator\/html\/img\/basic';}<\/script>","protected":false},"excerpt":{"rendered":"","protected":false},"author":2,"featured_media":0,"parent":0,"menu_order":0,"comment_status":"open","ping_status":"open","template":"","meta":{"footnotes":""},"class_list":["post-100","page","type-page","status-publish","hentry"],"yoast_head":"<!-- This site is optimized with the Yoast SEO plugin v27.5 - https:\/\/yoast.com\/product\/yoast-seo-wordpress\/ -->\n<title>Contact - Effigy 3D<\/title>\n<meta name=\"description\" content=\"Portraits 3D, figurines 3D - Services pro, photocall 3D  \u00e9v\u00e8nement (scan full-body nomade), Num\u00e9risation 3D avatars &amp; jeux vid\u00e9o, Prototypage &amp; impression 3D vraies couleurs\" \/>\n<meta name=\"robots\" content=\"index, follow, max-snippet:-1, max-image-preview:large, max-video-preview:-1\" \/>\n<link rel=\"canonical\" href=\"https:\/\/effigy-3d.com\/en\/contact\/\" \/>\n<meta property=\"og:locale\" content=\"en_GB\" \/>\n<meta property=\"og:type\" content=\"article\" \/>\n<meta property=\"og:title\" content=\"Contact - Effigy 3D\" \/>\n<meta property=\"og:description\" content=\"Portraits 3D, figurines 3D - Services pro, photocall 3D  \u00e9v\u00e8nement (scan full-body nomade), Num\u00e9risation 3D avatars &amp; jeux vid\u00e9o, Prototypage &amp; impression 3D vraies couleurs\" \/>\n<meta property=\"og:url\" content=\"https:\/\/effigy-3d.com\/en\/contact\/\" \/>\n<meta property=\"og:site_name\" content=\"Effigy 3D\" \/>\n<meta property=\"article:modified_time\" content=\"2025-09-05T15:18:52+00:00\" \/>\n<meta name=\"twitter:card\" content=\"summary_large_image\" \/>\n<meta name=\"twitter:label1\" content=\"Estimated reading time\" \/>\n\t<meta name=\"twitter:data1\" content=\"1 minute\" \/>\n<script type=\"application\/ld+json\" class=\"yoast-schema-graph\">{\"@context\":\"https:\\\/\\\/schema.org\",\"@graph\":[{\"@type\":\"WebPage\",\"@id\":\"https:\\\/\\\/effigy-3d.com\\\/contact\\\/\",\"url\":\"https:\\\/\\\/effigy-3d.com\\\/contact\\\/\",\"name\":\"Contact - Effigy 3D\",\"isPartOf\":{\"@id\":\"https:\\\/\\\/effigy-3d.com\\\/#website\"},\"datePublished\":\"2015-04-15T15:31:40+00:00\",\"dateModified\":\"2025-09-05T15:18:52+00:00\",\"description\":\"Portraits 3D, figurines 3D - Services pro, photocall 3D \\\\ \u00e9v\u00e8nement (scan full-body nomade), Num\u00e9risation 3D avatars & jeux vid\u00e9o, Prototypage & impression 3D vraies couleurs\",\"breadcrumb\":{\"@id\":\"https:\\\/\\\/effigy-3d.com\\\/contact\\\/#breadcrumb\"},\"inLanguage\":\"en-GB\",\"potentialAction\":[{\"@type\":\"ReadAction\",\"target\":[\"https:\\\/\\\/effigy-3d.com\\\/contact\\\/\"]}]},{\"@type\":\"BreadcrumbList\",\"@id\":\"https:\\\/\\\/effigy-3d.com\\\/contact\\\/#breadcrumb\",\"itemListElement\":[{\"@type\":\"ListItem\",\"position\":1,\"name\":\"Accueil\",\"item\":\"https:\\\/\\\/effigy-3d.com\\\/accueil\\\/\"},{\"@type\":\"ListItem\",\"position\":2,\"name\":\"Contact\"}]},{\"@type\":\"WebSite\",\"@id\":\"https:\\\/\\\/effigy-3d.com\\\/#website\",\"url\":\"https:\\\/\\\/effigy-3d.com\\\/\",\"name\":\"Effigy 3D\",\"description\":\"Studio digital 3D - Paris\",\"potentialAction\":[{\"@type\":\"SearchAction\",\"target\":{\"@type\":\"EntryPoint\",\"urlTemplate\":\"https:\\\/\\\/effigy-3d.com\\\/?s={search_term_string}\"},\"query-input\":{\"@type\":\"PropertyValueSpecification\",\"valueRequired\":true,\"valueName\":\"search_term_string\"}}],\"inLanguage\":\"en-GB\"}]}<\/script>\n<!-- \/ Yoast SEO plugin. -->","yoast_head_json":{"title":"Contact - Effigy 3D","description":"3D portraits, 3D figurines - Professional services, 3D event photocall (mobile full-body scan), 3D scanning of avatars &amp; video games, Prototyping &amp; true-color 3D printing","robots":{"index":"index","follow":"follow","max-snippet":"max-snippet:-1","max-image-preview":"max-image-preview:large","max-video-preview":"max-video-preview:-1"},"canonical":"https:\/\/effigy-3d.com\/en\/contact\/","og_locale":"en_GB","og_type":"article","og_title":"Contact - Effigy 3D","og_description":"Portraits 3D, figurines 3D - Services pro, photocall 3D  \u00e9v\u00e8nement (scan full-body nomade), Num\u00e9risation 3D avatars & jeux vid\u00e9o, Prototypage & impression 3D vraies couleurs","og_url":"https:\/\/effigy-3d.com\/en\/contact\/","og_site_name":"Effigy 3D","article_modified_time":"2025-09-05T15:18:52+00:00","twitter_card":"summary_large_image","twitter_misc":{"Estimated reading time":"1 minute"},"schema":{"@context":"https:\/\/schema.org","@graph":[{"@type":"WebPage","@id":"https:\/\/effigy-3d.com\/contact\/","url":"https:\/\/effigy-3d.com\/contact\/","name":"Contact - Effigy 3D","isPartOf":{"@id":"https:\/\/effigy-3d.com\/#website"},"datePublished":"2015-04-15T15:31:40+00:00","dateModified":"2025-09-05T15:18:52+00:00","description":"3D portraits, 3D figurines - Professional services, 3D photocall \\ event (mobile full-body scan), 3D scanning of avatars &amp; video games, Prototyping &amp; true-color 3D printing","breadcrumb":{"@id":"https:\/\/effigy-3d.com\/contact\/#breadcrumb"},"inLanguage":"en-GB","potentialAction":[{"@type":"ReadAction","target":["https:\/\/effigy-3d.com\/contact\/"]}]},{"@type":"BreadcrumbList","@id":"https:\/\/effigy-3d.com\/contact\/#breadcrumb","itemListElement":[{"@type":"ListItem","position":1,"name":"Accueil","item":"https:\/\/effigy-3d.com\/accueil\/"},{"@type":"ListItem","position":2,"name":"Contact"}]},{"@type":"WebSite","@id":"https:\/\/effigy-3d.com\/#website","url":"https:\/\/effigy-3d.com\/","name":"Effigy 3D","description":"3D digital studio - Paris","potentialAction":[{"@type":"SearchAction","target":{"@type":"EntryPoint","urlTemplate":"https:\/\/effigy-3d.com\/?s={search_term_string}"},"query-input":{"@type":"PropertyValueSpecification","valueRequired":true,"valueName":"search_term_string"}}],"inLanguage":"en-GB"}]}},"_links":{"self":[{"href":"https:\/\/effigy-3d.com\/en\/wp-json\/wp\/v2\/pages\/100","targetHints":{"allow":["GET"]}}],"collection":[{"href":"https:\/\/effigy-3d.com\/en\/wp-json\/wp\/v2\/pages"}],"about":[{"href":"https:\/\/effigy-3d.com\/en\/wp-json\/wp\/v2\/types\/page"}],"author":[{"embeddable":true,"href":"https:\/\/effigy-3d.com\/en\/wp-json\/wp\/v2\/users\/2"}],"replies":[{"embeddable":true,"href":"https:\/\/effigy-3d.com\/en\/wp-json\/wp\/v2\/comments?post=100"}],"version-history":[{"count":2,"href":"https:\/\/effigy-3d.com\/en\/wp-json\/wp\/v2\/pages\/100\/revisions"}],"predecessor-version":[{"id":4903,"href":"https:\/\/effigy-3d.com\/en\/wp-json\/wp\/v2\/pages\/100\/revisions\/4903"}],"wp:attachment":[{"href":"https:\/\/effigy-3d.com\/en\/wp-json\/wp\/v2\/media?parent=100"}],"curies":[{"name":"wp","href":"https:\/\/api.w.org\/{rel}","templated":true}]}}